{"id":5,"date":"2017-05-18T11:20:06","date_gmt":"2017-05-18T08:20:06","guid":{"rendered":"http:\/\/www.libra.ee\/?page_id=5"},"modified":"2022-09-13T17:45:05","modified_gmt":"2022-09-13T14:45:05","slug":"kontakty","status":"publish","type":"page","link":"https:\/\/www.libra.ee\/et\/kontaktid\/","title":{"rendered":"Kontaktid"},"content":{"rendered":"<p>Libra T\u00f5lkeb\u00fcroo O\u00dc on spetsialiseerunud \u00f5igusaktide, juriidiliste, majanduslike ja \u00e4ritekstide t\u00f5lkimisele. Meie meeskonnas t\u00f6\u00f6tavad atesteeritud vandet\u00f5lgid, kellel on \u00f5igus t\u00f5estada t\u00f5lgitud dokumentide ehtsust v\u00f5rdv\u00e4\u00e4rselt notariga. Lisaks t\u00f5lgime erinevaid tr\u00fckiv\u00e4ljaandeid, veebilehti, artikleid, reklaami, filme ning muuudest allikatest p\u00e4rinevat teksti.<\/p>","protected":false},"excerpt":{"rendered":"<p>Libra T\u00f5lkeb\u00fcroo O\u00dc on spetsialiseerunud \u00f5igusaktide, juriidiliste, majanduslike ja \u00e4ritekstide t\u00f5lkimisele. Meie meeskonnas t\u00f6\u00f6tavad atesteeritud vandet\u00f5lgid, kellel on \u00f5igus t\u00f5estada t\u00f5lgitud dokumentide ehtsust v\u00f5rdv\u00e4\u00e4rselt notariga. Lisaks t\u00f5lgime erinevaid tr\u00fckiv\u00e4ljaandeid, veebilehti, artikleid, reklaami, filme ning muuudest allikatest p\u00e4rinevat teksti.<\/p>\n","protected":false},"author":1,"featured_media":0,"parent":0,"menu_order":0,"comment_status":"closed","ping_status":"closed","template":"page-contacts.php","meta":{"_acf_changed":false,"footnotes":""},"class_list":["post-5","page","type-page","status-publish","hentry"],"acf":[],"_links":{"self":[{"href":"https:\/\/www.libra.ee\/et\/wp-json\/wp\/v2\/pages\/5","targetHints":{"allow":["GET"]}}],"collection":[{"href":"https:\/\/www.libra.ee\/et\/wp-json\/wp\/v2\/pages"}],"about":[{"href":"https:\/\/www.libra.ee\/et\/wp-json\/wp\/v2\/types\/page"}],"author":[{"embeddable":true,"href":"https:\/\/www.libra.ee\/et\/wp-json\/wp\/v2\/users\/1"}],"replies":[{"embeddable":true,"href":"https:\/\/www.libra.ee\/et\/wp-json\/wp\/v2\/comments?post=5"}],"version-history":[{"count":20,"href":"https:\/\/www.libra.ee\/et\/wp-json\/wp\/v2\/pages\/5\/revisions"}],"predecessor-version":[{"id":186,"href":"https:\/\/www.libra.ee\/et\/wp-json\/wp\/v2\/pages\/5\/revisions\/186"}],"wp:attachment":[{"href":"https:\/\/www.libra.ee\/et\/wp-json\/wp\/v2\/media?parent=5"}],"curies":[{"name":"wp","href":"https:\/\/api.w.org\/{rel}","templated":true}]}}